


{"id":123283,"date":"2025-10-09T22:43:42","date_gmt":"2025-10-09T20:43:42","guid":{"rendered":"https:\/\/hurt.tkn-connect.pl\/product\/bransoleta-rozciagana-model-6-dlugosc-16-cm-srebrna-20-mm\/"},"modified":"2025-10-09T22:43:45","modified_gmt":"2025-10-09T20:43:45","slug":"bransoleta-rozciagana-model-6-dlugosc-16-cm-srebrna-20-mm","status":"publish","type":"product","link":"https:\/\/hurt.tkn-connect.pl\/en\/product\/bransoleta-rozciagana-model-6-dlugosc-16-cm-srebrna-20-mm\/","title":{"rendered":"Bransoleta rozci\u0105gana &#8211; model 6 &#8211; d\u0142ugo\u015b\u0107 16 cm &#8211; srebrna &#8211; 20 mm"},"content":{"rendered":"<p>Tekst\/Obraz<\/p>\n","protected":false},"excerpt":{"rendered":"<p>Tekst\/Obraz<\/p>\n","protected":false},"featured_media":70335,"comment_status":"closed","ping_status":"open","template":"","meta":[],"product_brand":[],"product_cat":[4752,4977,4781,4726],"product_tag":[],"class_list":{"0":"post-123283","1":"product","2":"type-product","3":"status-publish","4":"has-post-thumbnail","6":"product_cat-bracelets","7":"product_cat-length-16-cm","8":"product_cat-stretch","9":"product_cat-accessories-for-watches","11":"first","12":"instock","13":"taxable","14":"shipping-taxable","15":"purchasable","16":"product-type-simple","17":"add-to-wishlist-before_image"},"_links":{"self":[{"href":"https:\/\/hurt.tkn-connect.pl\/en\/wp-json\/wp\/v2\/product\/123283","targetHints":{"allow":["GET"]}}],"collection":[{"href":"https:\/\/hurt.tkn-connect.pl\/en\/wp-json\/wp\/v2\/product"}],"about":[{"href":"https:\/\/hurt.tkn-connect.pl\/en\/wp-json\/wp\/v2\/types\/product"}],"replies":[{"embeddable":true,"href":"https:\/\/hurt.tkn-connect.pl\/en\/wp-json\/wp\/v2\/comments?post=123283"}],"version-history":[{"count":1,"href":"https:\/\/hurt.tkn-connect.pl\/en\/wp-json\/wp\/v2\/product\/123283\/revisions"}],"predecessor-version":[{"id":123284,"href":"https:\/\/hurt.tkn-connect.pl\/en\/wp-json\/wp\/v2\/product\/123283\/revisions\/123284"}],"wp:featuredmedia":[{"embeddable":true,"href":"https:\/\/hurt.tkn-connect.pl\/en\/wp-json\/wp\/v2\/media\/70335"}],"wp:attachment":[{"href":"https:\/\/hurt.tkn-connect.pl\/en\/wp-json\/wp\/v2\/media?parent=123283"}],"wp:term":[{"taxonomy":"product_brand","embeddable":true,"href":"https:\/\/hurt.tkn-connect.pl\/en\/wp-json\/wp\/v2\/product_brand?post=123283"},{"taxonomy":"product_cat","embeddable":true,"href":"https:\/\/hurt.tkn-connect.pl\/en\/wp-json\/wp\/v2\/product_cat?post=123283"},{"taxonomy":"product_tag","embeddable":true,"href":"https:\/\/hurt.tkn-connect.pl\/en\/wp-json\/wp\/v2\/product_tag?post=123283"}],"curies":[{"name":"wp","href":"https:\/\/api.w.org\/{rel}","templated":true}]}}