


{"id":123183,"date":"2025-10-09T22:41:40","date_gmt":"2025-10-09T20:41:40","guid":{"rendered":"https:\/\/hurt.tkn-connect.pl\/product\/bransoleta-siatka-bizu-20-mm-ip-rozowe-zloto\/"},"modified":"2025-10-09T22:41:44","modified_gmt":"2025-10-09T20:41:44","slug":"bransoleta-siatka-bizu-20-mm-ip-rozowe-zloto","status":"publish","type":"product","link":"https:\/\/hurt.tkn-connect.pl\/en\/product\/bransoleta-siatka-bizu-20-mm-ip-rozowe-zloto\/","title":{"rendered":"Bransoleta siatka Bizu &#8211; 20 mm &#8211; IP r\u00f3\u017cowe z\u0142oto"},"content":{"rendered":"<p>Tekst\/Obraz<\/p>\n","protected":false},"excerpt":{"rendered":"<p>Tekst\/Obraz<\/p>\n","protected":false},"featured_media":70659,"comment_status":"closed","ping_status":"open","template":"","meta":[],"product_brand":[],"product_cat":[4752,4754,4726,4976],"product_tag":[],"class_list":{"0":"post-123183","1":"product","2":"type-product","3":"status-publish","4":"has-post-thumbnail","6":"product_cat-bracelets","7":"product_cat-mesh","8":"product_cat-accessories-for-watches","9":"product_cat-bizu-mesh","11":"first","12":"outofstock","13":"taxable","14":"shipping-taxable","15":"purchasable","16":"product-type-simple","17":"add-to-wishlist-before_image"},"_links":{"self":[{"href":"https:\/\/hurt.tkn-connect.pl\/en\/wp-json\/wp\/v2\/product\/123183","targetHints":{"allow":["GET"]}}],"collection":[{"href":"https:\/\/hurt.tkn-connect.pl\/en\/wp-json\/wp\/v2\/product"}],"about":[{"href":"https:\/\/hurt.tkn-connect.pl\/en\/wp-json\/wp\/v2\/types\/product"}],"replies":[{"embeddable":true,"href":"https:\/\/hurt.tkn-connect.pl\/en\/wp-json\/wp\/v2\/comments?post=123183"}],"version-history":[{"count":1,"href":"https:\/\/hurt.tkn-connect.pl\/en\/wp-json\/wp\/v2\/product\/123183\/revisions"}],"predecessor-version":[{"id":123184,"href":"https:\/\/hurt.tkn-connect.pl\/en\/wp-json\/wp\/v2\/product\/123183\/revisions\/123184"}],"wp:featuredmedia":[{"embeddable":true,"href":"https:\/\/hurt.tkn-connect.pl\/en\/wp-json\/wp\/v2\/media\/70659"}],"wp:attachment":[{"href":"https:\/\/hurt.tkn-connect.pl\/en\/wp-json\/wp\/v2\/media?parent=123183"}],"wp:term":[{"taxonomy":"product_brand","embeddable":true,"href":"https:\/\/hurt.tkn-connect.pl\/en\/wp-json\/wp\/v2\/product_brand?post=123183"},{"taxonomy":"product_cat","embeddable":true,"href":"https:\/\/hurt.tkn-connect.pl\/en\/wp-json\/wp\/v2\/product_cat?post=123183"},{"taxonomy":"product_tag","embeddable":true,"href":"https:\/\/hurt.tkn-connect.pl\/en\/wp-json\/wp\/v2\/product_tag?post=123183"}],"curies":[{"name":"wp","href":"https:\/\/api.w.org\/{rel}","templated":true}]}}