


{"id":122407,"date":"2025-10-09T22:26:52","date_gmt":"2025-10-09T20:26:52","guid":{"rendered":"https:\/\/hurt.tkn-connect.pl\/product\/pasek-silikonowy-g32-bordowy-20-mm\/"},"modified":"2025-10-09T22:26:52","modified_gmt":"2025-10-09T20:26:52","slug":"pasek-silikonowy-g32-bordowy-20-mm","status":"publish","type":"product","link":"https:\/\/hurt.tkn-connect.pl\/en\/product\/pasek-silikonowy-g32-bordowy-20-mm\/","title":{"rendered":"Pasek silikonowy &#8211; G32 &#8211; bordowy &#8211; 20 mm"},"content":{"rendered":"<p>Pasek silikonowy &#8211; G32&nbsp; &#8211; bordowy &#8211; 20 mm<\/p>\n<p>Wysokiej jako\u015bci, hipoalergiczny pasek \u015bwietnie pasuje do r&oacute;\u017cnych styl&oacute;w. Silikon nie powoduje dyskomfortu nawet przy d\u0142ugotrwa\u0142ym noszeniu, jest przyjemny w dotyku, odporny na \u015bcieranie i nie traci pierwotnego wygl\u0105du.<\/p>\n<p>Oferowane przez nas paski 20 mm s\u0105 uniwersalne i b\u0119d\u0105 pasowa\u0107 zar&oacute;wno do zegark&oacute;w klasycznych, sportowych jak i do smartwatch-y.<\/p>\n<p>Pasek posiada klamr\u0119 magnetyczn\u0105.<\/p>\n<p>Do paska w zestawie do\u0142\u0105czone s\u0105 dwa teleskopy.<\/p>\n<p>Pomimo naszych stara\u0144, odcienie kolor&oacute;w widoczne na Pa\u0144stwa ekranie mog\u0105 nieznacznie r&oacute;\u017cni\u0107 si\u0119 od rzeczywistych.<\/p>\n","protected":false},"excerpt":{"rendered":"<p>Pasek silikonowy &#8211; G32&nbsp; &#8211; bordowy &#8211; 20 mm Wysokiej jako\u015bci, hipoalergiczny pasek \u015bwietnie pasuje do r&oacute;\u017cnych styl&oacute;w. Silikon nie powoduje dyskomfortu nawet przy d\u0142ugotrwa\u0142ym noszeniu, jest przyjemny w dotyku, odporny na \u015bcieranie i nie traci pierwotnego wygl\u0105du. Oferowane przez nas paski 20 mm s\u0105 uniwersalne i b\u0119d\u0105 pasowa\u0107 zar&oacute;wno do zegark&oacute;w klasycznych, sportowych jak &hellip; <br \/><a href=\"https:\/\/hurt.tkn-connect.pl\/en\/product\/pasek-silikonowy-g32-bordowy-20-mm\/\" class=\"more-link\">Continue reading <span class=\"screen-reader-text\">Pasek silikonowy &#8211; G32 &#8211; bordowy &#8211; 20 mm<\/span><\/a><\/p>\n","protected":false},"featured_media":98253,"comment_status":"closed","ping_status":"open","template":"","meta":[],"product_brand":[],"product_cat":[4959,4774,4847,4862,4726,4865,4958],"product_tag":[],"class_list":{"0":"post-122407","1":"product","2":"type-product","3":"status-publish","4":"has-post-thumbnail","6":"product_cat-g32-paski-g-silicone-straps","7":"product_cat-silicone-straps","8":"product_cat-smart-watch","9":"product_cat-smart-watch-straps","10":"product_cat-accessories-for-watches","11":"product_cat-paski-g-silicone-straps","12":"product_cat-g32-smart-watch-straps","14":"first","15":"instock","16":"taxable","17":"shipping-taxable","18":"purchasable","19":"product-type-simple","20":"add-to-wishlist-before_image"},"_links":{"self":[{"href":"https:\/\/hurt.tkn-connect.pl\/en\/wp-json\/wp\/v2\/product\/122407","targetHints":{"allow":["GET"]}}],"collection":[{"href":"https:\/\/hurt.tkn-connect.pl\/en\/wp-json\/wp\/v2\/product"}],"about":[{"href":"https:\/\/hurt.tkn-connect.pl\/en\/wp-json\/wp\/v2\/types\/product"}],"replies":[{"embeddable":true,"href":"https:\/\/hurt.tkn-connect.pl\/en\/wp-json\/wp\/v2\/comments?post=122407"}],"version-history":[{"count":1,"href":"https:\/\/hurt.tkn-connect.pl\/en\/wp-json\/wp\/v2\/product\/122407\/revisions"}],"predecessor-version":[{"id":122408,"href":"https:\/\/hurt.tkn-connect.pl\/en\/wp-json\/wp\/v2\/product\/122407\/revisions\/122408"}],"wp:featuredmedia":[{"embeddable":true,"href":"https:\/\/hurt.tkn-connect.pl\/en\/wp-json\/wp\/v2\/media\/98253"}],"wp:attachment":[{"href":"https:\/\/hurt.tkn-connect.pl\/en\/wp-json\/wp\/v2\/media?parent=122407"}],"wp:term":[{"taxonomy":"product_brand","embeddable":true,"href":"https:\/\/hurt.tkn-connect.pl\/en\/wp-json\/wp\/v2\/product_brand?post=122407"},{"taxonomy":"product_cat","embeddable":true,"href":"https:\/\/hurt.tkn-connect.pl\/en\/wp-json\/wp\/v2\/product_cat?post=122407"},{"taxonomy":"product_tag","embeddable":true,"href":"https:\/\/hurt.tkn-connect.pl\/en\/wp-json\/wp\/v2\/product_tag?post=122407"}],"curies":[{"name":"wp","href":"https:\/\/api.w.org\/{rel}","templated":true}]}}