


{"id":121467,"date":"2025-10-09T20:15:30","date_gmt":"2025-10-09T18:15:30","guid":{"rendered":"https:\/\/hurt.tkn-connect.pl\/product\/pasek-silikonowy-do-honor-band-6-granatowy\/"},"modified":"2025-10-09T20:16:02","modified_gmt":"2025-10-09T18:16:02","slug":"pasek-silikonowy-do-honor-band-6-granatowy","status":"publish","type":"product","link":"https:\/\/hurt.tkn-connect.pl\/en\/product\/pasek-silikonowy-do-honor-band-6-granatowy\/","title":{"rendered":"Pasek silikonowy &#8211; do Honor Band 6 &#8211; granatowy"},"content":{"rendered":"<p>Pasek silikonowy &#8211; do Honor Band 6 &#8211; granatowy<\/p>\n<p>Wysokiej jako\u015bci, hipoalergiczny pasek \u015bwietnie pasuje do r&oacute;\u017cnych styl&oacute;w. Silikon nie powoduje dyskomfortu nawet przy d\u0142ugotrwa\u0142ym noszeniu, jest przyjemny w dotyku, odporny na \u015bcieranie i nie traci pierwotnego wygl\u0105du.<\/p>\n<p>Najwa\u017cniejsze cechy produktu:<br \/>\nRegulacja zapi\u0119cia<br \/>\nNowoczesny design<br \/>\nPrzyjemny w dotyku<br \/>\nOdporny na \u015bcieranie<br \/>\nWysokiej jako\u015bci wykonanie<br \/>\n\u0141atwy monta\u017c<br \/>\nGotowy do instalacji<\/p>\n<p>Oferowane przez nas paski s\u0105 kompatybilne ze opaskami:<\/p>\n<p>Honor: Band 6<\/p>\n<p>Pomimo naszych stara\u0144, odcienie kolor&oacute;w widoczne na Pa\u0144stwa ekranie mog\u0105 nieznacznie r&oacute;\u017cni\u0107 si\u0119 od rzeczywistych.<\/p>\n","protected":false},"excerpt":{"rendered":"<p>Pasek silikonowy &#8211; do Honor Band 6 &#8211; granatowy Wysokiej jako\u015bci, hipoalergiczny pasek \u015bwietnie pasuje do r&oacute;\u017cnych styl&oacute;w. Silikon nie powoduje dyskomfortu nawet przy d\u0142ugotrwa\u0142ym noszeniu, jest przyjemny w dotyku, odporny na \u015bcieranie i nie traci pierwotnego wygl\u0105du. Najwa\u017cniejsze cechy produktu: Regulacja zapi\u0119cia Nowoczesny design Przyjemny w dotyku Odporny na \u015bcieranie Wysokiej jako\u015bci wykonanie \u0141atwy &hellip; <br \/><a href=\"https:\/\/hurt.tkn-connect.pl\/en\/product\/pasek-silikonowy-do-honor-band-6-granatowy\/\" class=\"more-link\">Continue reading <span class=\"screen-reader-text\">Pasek silikonowy &#8211; do Honor Band 6 &#8211; granatowy<\/span><\/a><\/p>\n","protected":false},"featured_media":97120,"comment_status":"closed","ping_status":"open","template":"","meta":[],"product_brand":[],"product_cat":[],"product_tag":[],"class_list":{"0":"post-121467","1":"product","2":"type-product","3":"status-publish","4":"has-post-thumbnail","7":"first","8":"outofstock","9":"taxable","10":"shipping-taxable","11":"purchasable","12":"product-type-simple","13":"add-to-wishlist-before_image"},"_links":{"self":[{"href":"https:\/\/hurt.tkn-connect.pl\/en\/wp-json\/wp\/v2\/product\/121467","targetHints":{"allow":["GET"]}}],"collection":[{"href":"https:\/\/hurt.tkn-connect.pl\/en\/wp-json\/wp\/v2\/product"}],"about":[{"href":"https:\/\/hurt.tkn-connect.pl\/en\/wp-json\/wp\/v2\/types\/product"}],"replies":[{"embeddable":true,"href":"https:\/\/hurt.tkn-connect.pl\/en\/wp-json\/wp\/v2\/comments?post=121467"}],"version-history":[{"count":1,"href":"https:\/\/hurt.tkn-connect.pl\/en\/wp-json\/wp\/v2\/product\/121467\/revisions"}],"predecessor-version":[{"id":121468,"href":"https:\/\/hurt.tkn-connect.pl\/en\/wp-json\/wp\/v2\/product\/121467\/revisions\/121468"}],"wp:featuredmedia":[{"embeddable":true,"href":"https:\/\/hurt.tkn-connect.pl\/en\/wp-json\/wp\/v2\/media\/97120"}],"wp:attachment":[{"href":"https:\/\/hurt.tkn-connect.pl\/en\/wp-json\/wp\/v2\/media?parent=121467"}],"wp:term":[{"taxonomy":"product_brand","embeddable":true,"href":"https:\/\/hurt.tkn-connect.pl\/en\/wp-json\/wp\/v2\/product_brand?post=121467"},{"taxonomy":"product_cat","embeddable":true,"href":"https:\/\/hurt.tkn-connect.pl\/en\/wp-json\/wp\/v2\/product_cat?post=121467"},{"taxonomy":"product_tag","embeddable":true,"href":"https:\/\/hurt.tkn-connect.pl\/en\/wp-json\/wp\/v2\/product_tag?post=121467"}],"curies":[{"name":"wp","href":"https:\/\/api.w.org\/{rel}","templated":true}]}}