


{"id":121265,"date":"2025-10-09T20:06:02","date_gmt":"2025-10-09T18:06:02","guid":{"rendered":"https:\/\/hurt.tkn-connect.pl\/product\/pasek-silikonowy-g19-rozowy-22-mm\/"},"modified":"2025-10-09T20:06:19","modified_gmt":"2025-10-09T18:06:19","slug":"pasek-silikonowy-g19-rozowy-22-mm","status":"publish","type":"product","link":"https:\/\/hurt.tkn-connect.pl\/en\/product\/pasek-silikonowy-g19-rozowy-22-mm\/","title":{"rendered":"Pasek silikonowy &#8211; G19 &#8211; r\u00f3\u017cowy &#8211; 22 mm"},"content":{"rendered":"<p>Pasek silikonowy &#8211; G19 &#8211; r&oacute;\u017cowy &#8211; 22 mm<\/p>\n<p>Wysokiej jako\u015bci, hipoalergiczny pasek \u015bwietnie pasuje do r&oacute;\u017cnych styl&oacute;w. Silikon nie powoduje dyskomfortu nawet przy d\u0142ugotrwa\u0142ym noszeniu, jest przyjemny w dotyku, odporny na \u015bcieranie i nie traci pierwotnego wygl\u0105du.<\/p>\n<p>Do ka\u017cdego paska do\u0142\u0105czamy dwa teleskopy.<\/p>\n<p>Kompatybilno\u015b\u0107:<\/p>\n<p>Amazfit: Pace, Stratos, Stratos 2 \/ 2S, Stratos 3, GTR 47mm<br \/>\nGarmin: vivoactive 4<br \/>\nHonor: GS PRO, Watch Magic, Watch Magic 2<br \/>\nHuawei (koperta 45-46mm): Watch 2 PRO, Watch 3, Watch 3 PRO, Watch GT, Watch GT ACTIVE, Watch GT SPORT, Watch GT CLASSIC, Watch GT 2, Watch GT 2 PRO, Watch GT 2e<br \/>\nSamsung (koperta 45-46mm): Galaxy Watch, Galaxy Watch 3, Gear S3 Frontier, Gear S3 Classic<br \/>\nXiaomi: Mi Watch<\/p>\n<p>Pomimo naszych stara\u0144, odcienie kolor&oacute;w widoczne na Pa\u0144stwa ekranie mog\u0105 nieznacznie r&oacute;\u017cni\u0107 si\u0119 od rzeczywistych.<\/p>\n","protected":false},"excerpt":{"rendered":"<p>Pasek silikonowy &#8211; G19 &#8211; r&oacute;\u017cowy &#8211; 22 mm Wysokiej jako\u015bci, hipoalergiczny pasek \u015bwietnie pasuje do r&oacute;\u017cnych styl&oacute;w. Silikon nie powoduje dyskomfortu nawet przy d\u0142ugotrwa\u0142ym noszeniu, jest przyjemny w dotyku, odporny na \u015bcieranie i nie traci pierwotnego wygl\u0105du. Do ka\u017cdego paska do\u0142\u0105czamy dwa teleskopy. Kompatybilno\u015b\u0107: Amazfit: Pace, Stratos, Stratos 2 \/ 2S, Stratos 3, GTR &hellip; <br \/><a href=\"https:\/\/hurt.tkn-connect.pl\/en\/product\/pasek-silikonowy-g19-rozowy-22-mm\/\" class=\"more-link\">Continue reading <span class=\"screen-reader-text\">Pasek silikonowy &#8211; G19 &#8211; r\u00f3\u017cowy &#8211; 22 mm<\/span><\/a><\/p>\n","protected":false},"featured_media":96859,"comment_status":"closed","ping_status":"open","template":"","meta":[],"product_brand":[],"product_cat":[],"product_tag":[],"class_list":{"0":"post-121265","1":"product","2":"type-product","3":"status-publish","4":"has-post-thumbnail","7":"first","8":"outofstock","9":"taxable","10":"shipping-taxable","11":"purchasable","12":"product-type-simple","13":"add-to-wishlist-before_image"},"_links":{"self":[{"href":"https:\/\/hurt.tkn-connect.pl\/en\/wp-json\/wp\/v2\/product\/121265","targetHints":{"allow":["GET"]}}],"collection":[{"href":"https:\/\/hurt.tkn-connect.pl\/en\/wp-json\/wp\/v2\/product"}],"about":[{"href":"https:\/\/hurt.tkn-connect.pl\/en\/wp-json\/wp\/v2\/types\/product"}],"replies":[{"embeddable":true,"href":"https:\/\/hurt.tkn-connect.pl\/en\/wp-json\/wp\/v2\/comments?post=121265"}],"version-history":[{"count":1,"href":"https:\/\/hurt.tkn-connect.pl\/en\/wp-json\/wp\/v2\/product\/121265\/revisions"}],"predecessor-version":[{"id":121266,"href":"https:\/\/hurt.tkn-connect.pl\/en\/wp-json\/wp\/v2\/product\/121265\/revisions\/121266"}],"wp:featuredmedia":[{"embeddable":true,"href":"https:\/\/hurt.tkn-connect.pl\/en\/wp-json\/wp\/v2\/media\/96859"}],"wp:attachment":[{"href":"https:\/\/hurt.tkn-connect.pl\/en\/wp-json\/wp\/v2\/media?parent=121265"}],"wp:term":[{"taxonomy":"product_brand","embeddable":true,"href":"https:\/\/hurt.tkn-connect.pl\/en\/wp-json\/wp\/v2\/product_brand?post=121265"},{"taxonomy":"product_cat","embeddable":true,"href":"https:\/\/hurt.tkn-connect.pl\/en\/wp-json\/wp\/v2\/product_cat?post=121265"},{"taxonomy":"product_tag","embeddable":true,"href":"https:\/\/hurt.tkn-connect.pl\/en\/wp-json\/wp\/v2\/product_tag?post=121265"}],"curies":[{"name":"wp","href":"https:\/\/api.w.org\/{rel}","templated":true}]}}