


{"id":121131,"date":"2025-10-09T20:02:44","date_gmt":"2025-10-09T18:02:44","guid":{"rendered":"https:\/\/hurt.tkn-connect.pl\/product\/pasek-skorzany-c18-ciemnobrazowy-brazowa-nic-20-mm\/"},"modified":"2025-10-09T20:03:01","modified_gmt":"2025-10-09T18:03:01","slug":"pasek-skorzany-c18-ciemnobrazowy-brazowa-nic-20-mm","status":"publish","type":"product","link":"https:\/\/hurt.tkn-connect.pl\/en\/product\/pasek-skorzany-c18-ciemnobrazowy-brazowa-nic-20-mm\/","title":{"rendered":"Pasek sk\u00f3rzany C18 &#8211; ciemnobr\u0105zowy &#8211; br\u0105zowa ni\u0107 &#8211; 20 mm"},"content":{"rendered":"<p>Pasek sk&oacute;rzany C18 &#8211; ciemnobr\u0105zowy &#8211; br\u0105zowa ni\u0107 &#8211; 20 mm<\/p>\n<p>Wysokiej jako\u015bci, hipoalergiczny pasek, \u015bwietnie pasuje do r&oacute;\u017cnych styl&oacute;w.<\/p>\n<p>Sk&oacute;ra nie powoduje dyskomfortu nawet przy d\u0142ugotrwa\u0142ym noszeniu, jest przyjemny w dotyku, odporny na \u015bcieranie i nie traci pierwotnego wygl\u0105du.<\/p>\n<p>Oferowane przez nas paski s\u0105 uniwersalne i b\u0119d\u0105 pasowa\u0107 zar&oacute;wno do zegark&oacute;w klasycznych, sportowych jak i do smartwatch-y, niezale\u017cnie od ich producenta.<\/p>\n<p>Specyfikacja:<\/p>\n<p>Materia\u0142 paska: sk&oacute;ra naturalna<br \/>\nMateria\u0142 sprz\u0105czki: stal nierdzewna<br \/>\nKolor: ciemnobr\u0105zowy &#8211; br\u0105zowa ni\u0107<br \/>\nSzeroko\u015b\u0107 paska: 20 mm<\/p>\n<p>Pomimo naszych stara\u0144, odcienie kolor&oacute;w widoczne na Pa\u0144stwa ekranie mog\u0105 nieznacznie r&oacute;\u017cni\u0107 si\u0119 od rzeczywistych.<\/p>\n","protected":false},"excerpt":{"rendered":"<p>Pasek sk&oacute;rzany C18 &#8211; ciemnobr\u0105zowy &#8211; br\u0105zowa ni\u0107 &#8211; 20 mm Wysokiej jako\u015bci, hipoalergiczny pasek, \u015bwietnie pasuje do r&oacute;\u017cnych styl&oacute;w. Sk&oacute;ra nie powoduje dyskomfortu nawet przy d\u0142ugotrwa\u0142ym noszeniu, jest przyjemny w dotyku, odporny na \u015bcieranie i nie traci pierwotnego wygl\u0105du. Oferowane przez nas paski s\u0105 uniwersalne i b\u0119d\u0105 pasowa\u0107 zar&oacute;wno do zegark&oacute;w klasycznych, sportowych jak &hellip; <br \/><a href=\"https:\/\/hurt.tkn-connect.pl\/en\/product\/pasek-skorzany-c18-ciemnobrazowy-brazowa-nic-20-mm\/\" class=\"more-link\">Continue reading <span class=\"screen-reader-text\">Pasek sk\u00f3rzany C18 &#8211; ciemnobr\u0105zowy &#8211; br\u0105zowa ni\u0107 &#8211; 20 mm<\/span><\/a><\/p>\n","protected":false},"featured_media":66874,"comment_status":"closed","ping_status":"open","template":"","meta":[],"product_brand":[],"product_cat":[4795,4726,4903],"product_tag":[],"class_list":{"0":"post-121131","1":"product","2":"type-product","3":"status-publish","4":"has-post-thumbnail","6":"product_cat-leather-straps-standard","7":"product_cat-accessories-for-watches","8":"product_cat-c18-leather-straps-standard","10":"first","11":"outofstock","12":"taxable","13":"shipping-taxable","14":"purchasable","15":"product-type-simple","16":"add-to-wishlist-before_image"},"_links":{"self":[{"href":"https:\/\/hurt.tkn-connect.pl\/en\/wp-json\/wp\/v2\/product\/121131","targetHints":{"allow":["GET"]}}],"collection":[{"href":"https:\/\/hurt.tkn-connect.pl\/en\/wp-json\/wp\/v2\/product"}],"about":[{"href":"https:\/\/hurt.tkn-connect.pl\/en\/wp-json\/wp\/v2\/types\/product"}],"replies":[{"embeddable":true,"href":"https:\/\/hurt.tkn-connect.pl\/en\/wp-json\/wp\/v2\/comments?post=121131"}],"version-history":[{"count":1,"href":"https:\/\/hurt.tkn-connect.pl\/en\/wp-json\/wp\/v2\/product\/121131\/revisions"}],"predecessor-version":[{"id":121132,"href":"https:\/\/hurt.tkn-connect.pl\/en\/wp-json\/wp\/v2\/product\/121131\/revisions\/121132"}],"wp:featuredmedia":[{"embeddable":true,"href":"https:\/\/hurt.tkn-connect.pl\/en\/wp-json\/wp\/v2\/media\/66874"}],"wp:attachment":[{"href":"https:\/\/hurt.tkn-connect.pl\/en\/wp-json\/wp\/v2\/media?parent=121131"}],"wp:term":[{"taxonomy":"product_brand","embeddable":true,"href":"https:\/\/hurt.tkn-connect.pl\/en\/wp-json\/wp\/v2\/product_brand?post=121131"},{"taxonomy":"product_cat","embeddable":true,"href":"https:\/\/hurt.tkn-connect.pl\/en\/wp-json\/wp\/v2\/product_cat?post=121131"},{"taxonomy":"product_tag","embeddable":true,"href":"https:\/\/hurt.tkn-connect.pl\/en\/wp-json\/wp\/v2\/product_tag?post=121131"}],"curies":[{"name":"wp","href":"https:\/\/api.w.org\/{rel}","templated":true}]}}