


{"id":121021,"date":"2025-10-09T20:00:24","date_gmt":"2025-10-09T18:00:24","guid":{"rendered":"https:\/\/hurt.tkn-connect.pl\/product\/pasek-silikonowy-g13-do-garmin-czerwono-czarny-22-mm\/"},"modified":"2025-10-09T20:00:29","modified_gmt":"2025-10-09T18:00:29","slug":"pasek-silikonowy-g13-do-garmin-czerwono-czarny-22-mm","status":"publish","type":"product","link":"https:\/\/hurt.tkn-connect.pl\/en\/product\/pasek-silikonowy-g13-do-garmin-czerwono-czarny-22-mm\/","title":{"rendered":"Pasek silikonowy &#8211; G13 &#8211; do Garmin &#8211; czerwono-czarny &#8211; 22 mm"},"content":{"rendered":"<p>Pasek silikonowy G13 &#8211; do Garmin &#8211; czerwono-czarny &#8211; 22 mm<\/p>\n<p>Wysokiej jako\u015bci, hipoalergiczny pasek \u015bwietnie pasuje do r&oacute;\u017cnych styl&oacute;w. Silikon nie powoduje dyskomfortu nawet przy d\u0142ugotrwa\u0142ym noszeniu, jest przyjemny w dotyku, odporny na \u015bcieranie i nie traci pierwotnego wygl\u0105du.<\/p>\n<p>Oferowane przez nas paski 22 mm z mocowaniem typu QuickFit s\u0105 kompatybilne ze smartwatchami marki Garmin:<\/p>\n<p>Approach: S60, S62, S62 Bundle<br \/>\nFenix: 5, 5 Plus, 6, 6 Pro Solar, 6 Pro and Sapphire, 6 Solar, 7, 7 Sapphire Solar, 7 Solar<br \/>\nForerunner: 745, 935, 945, 955, 955 Solar<br \/>\nInstinct: Esports, Solar, Solar Camo, Solar Surf, Solar Tactical, Standard, Tactical<br \/>\nInstinct 2: Camo, dezl, Solar, Solar Surf, Solar Tactical, Surf<br \/>\nMARQ: Adventurer, Athlete, Aviator, Captain, Commander, Driver, Golfer<br \/>\nQuatix: 5, 5 Sapphire, 6, 6 Titanium, 7, 7 Sapphire<br \/>\nInne: D2 Delta, D2 Mach 1, Descent G1, epix (Gen 2)<\/p>\n<p>Do ka\u017cdego paska do\u0142\u0105czamy dwa \u015brubokr\u0119ty.<\/p>\n<p>Pomimo naszych stara\u0144, odcienie kolor&oacute;w widoczne na Pa\u0144stwa ekranie mog\u0105 nieznacznie r&oacute;\u017cni\u0107 si\u0119 od rzeczywistych.<\/p>\n","protected":false},"excerpt":{"rendered":"<p>Pasek silikonowy G13 &#8211; do Garmin &#8211; czerwono-czarny &#8211; 22 mm Wysokiej jako\u015bci, hipoalergiczny pasek \u015bwietnie pasuje do r&oacute;\u017cnych styl&oacute;w. Silikon nie powoduje dyskomfortu nawet przy d\u0142ugotrwa\u0142ym noszeniu, jest przyjemny w dotyku, odporny na \u015bcieranie i nie traci pierwotnego wygl\u0105du. Oferowane przez nas paski 22 mm z mocowaniem typu QuickFit s\u0105 kompatybilne ze smartwatchami marki &hellip; <br \/><a href=\"https:\/\/hurt.tkn-connect.pl\/en\/product\/pasek-silikonowy-g13-do-garmin-czerwono-czarny-22-mm\/\" class=\"more-link\">Continue reading <span class=\"screen-reader-text\">Pasek silikonowy &#8211; G13 &#8211; do Garmin &#8211; czerwono-czarny &#8211; 22 mm<\/span><\/a><\/p>\n","protected":false},"featured_media":96647,"comment_status":"closed","ping_status":"open","template":"","meta":[],"product_brand":[],"product_cat":[],"product_tag":[],"class_list":{"0":"post-121021","1":"product","2":"type-product","3":"status-publish","4":"has-post-thumbnail","7":"first","8":"outofstock","9":"taxable","10":"shipping-taxable","11":"purchasable","12":"product-type-simple","13":"add-to-wishlist-before_image"},"_links":{"self":[{"href":"https:\/\/hurt.tkn-connect.pl\/en\/wp-json\/wp\/v2\/product\/121021","targetHints":{"allow":["GET"]}}],"collection":[{"href":"https:\/\/hurt.tkn-connect.pl\/en\/wp-json\/wp\/v2\/product"}],"about":[{"href":"https:\/\/hurt.tkn-connect.pl\/en\/wp-json\/wp\/v2\/types\/product"}],"replies":[{"embeddable":true,"href":"https:\/\/hurt.tkn-connect.pl\/en\/wp-json\/wp\/v2\/comments?post=121021"}],"version-history":[{"count":1,"href":"https:\/\/hurt.tkn-connect.pl\/en\/wp-json\/wp\/v2\/product\/121021\/revisions"}],"predecessor-version":[{"id":121022,"href":"https:\/\/hurt.tkn-connect.pl\/en\/wp-json\/wp\/v2\/product\/121021\/revisions\/121022"}],"wp:featuredmedia":[{"embeddable":true,"href":"https:\/\/hurt.tkn-connect.pl\/en\/wp-json\/wp\/v2\/media\/96647"}],"wp:attachment":[{"href":"https:\/\/hurt.tkn-connect.pl\/en\/wp-json\/wp\/v2\/media?parent=121021"}],"wp:term":[{"taxonomy":"product_brand","embeddable":true,"href":"https:\/\/hurt.tkn-connect.pl\/en\/wp-json\/wp\/v2\/product_brand?post=121021"},{"taxonomy":"product_cat","embeddable":true,"href":"https:\/\/hurt.tkn-connect.pl\/en\/wp-json\/wp\/v2\/product_cat?post=121021"},{"taxonomy":"product_tag","embeddable":true,"href":"https:\/\/hurt.tkn-connect.pl\/en\/wp-json\/wp\/v2\/product_tag?post=121021"}],"curies":[{"name":"wp","href":"https:\/\/api.w.org\/{rel}","templated":true}]}}