


{"id":120385,"date":"2025-10-09T19:46:01","date_gmt":"2025-10-09T17:46:01","guid":{"rendered":"https:\/\/hurt.tkn-connect.pl\/product\/pasek-silikonowy-z07-szary-20-mm\/"},"modified":"2025-10-09T19:46:14","modified_gmt":"2025-10-09T17:46:14","slug":"pasek-silikonowy-z07-szary-20-mm","status":"publish","type":"product","link":"https:\/\/hurt.tkn-connect.pl\/en\/product\/pasek-silikonowy-z07-szary-20-mm\/","title":{"rendered":"Pasek silikonowy Z07 &#8211; szary &#8211; 20 mm"},"content":{"rendered":"<p>Pasek silikonowy Z07 &#8211; szary &#8211; 20 mm<\/p>\n<p>Wysokiej jako\u015bci, hipoalergiczny pasek&nbsp; \u015bwietnie pasuje do r&oacute;\u017cnych styl&oacute;w.<\/p>\n<p>Silikon nie powoduje dyskomfortu nawet przy d\u0142ugotrwa\u0142ym noszeniu, jest przyjemny w dotyku, odporny na \u015bcieranie i nie traci pierwotnego wygl\u0105du.<\/p>\n<p>Do paska w zestawie do\u0142\u0105czone s\u0105&nbsp;dwa teleskopy.<\/p>\n<p>Oferowane przez nas paski s\u0105 uniwersalne i b\u0119d\u0105 pasowa\u0107 zar&oacute;wno do zegark&oacute;w klasycznych, sportowych jak i do smartwatch-y, niezale\u017cnie od ich producenta.<\/p>\n<p>Specyfikacja:<\/p>\n<p>Materia\u0142 paska: silikon<br \/>\nMateria\u0142 sprz\u0105czki: stal nierdzewna<br \/>\nKolor: szary<br \/>\nSzeroko\u015b\u0107 paska: 20 mm<\/p>\n<p>Pomimo naszych stara\u0144, odcienie kolor&oacute;w widoczne na Pa\u0144stwa ekranie mog\u0105 nieznacznie r&oacute;\u017cni\u0107 si\u0119 od rzeczywistych.<\/p>\n","protected":false},"excerpt":{"rendered":"<p>Pasek silikonowy Z07 &#8211; szary &#8211; 20 mm Wysokiej jako\u015bci, hipoalergiczny pasek&nbsp; \u015bwietnie pasuje do r&oacute;\u017cnych styl&oacute;w. Silikon nie powoduje dyskomfortu nawet przy d\u0142ugotrwa\u0142ym noszeniu, jest przyjemny w dotyku, odporny na \u015bcieranie i nie traci pierwotnego wygl\u0105du. Do paska w zestawie do\u0142\u0105czone s\u0105&nbsp;dwa teleskopy. Oferowane przez nas paski s\u0105 uniwersalne i b\u0119d\u0105 pasowa\u0107 zar&oacute;wno do &hellip; <br \/><a href=\"https:\/\/hurt.tkn-connect.pl\/en\/product\/pasek-silikonowy-z07-szary-20-mm\/\" class=\"more-link\">Continue reading <span class=\"screen-reader-text\">Pasek silikonowy Z07 &#8211; szary &#8211; 20 mm<\/span><\/a><\/p>\n","protected":false},"featured_media":64807,"comment_status":"closed","ping_status":"open","template":"","meta":[],"product_brand":[],"product_cat":[],"product_tag":[],"class_list":{"0":"post-120385","1":"product","2":"type-product","3":"status-publish","4":"has-post-thumbnail","7":"first","8":"outofstock","9":"taxable","10":"shipping-taxable","11":"purchasable","12":"product-type-simple","13":"add-to-wishlist-before_image"},"_links":{"self":[{"href":"https:\/\/hurt.tkn-connect.pl\/en\/wp-json\/wp\/v2\/product\/120385","targetHints":{"allow":["GET"]}}],"collection":[{"href":"https:\/\/hurt.tkn-connect.pl\/en\/wp-json\/wp\/v2\/product"}],"about":[{"href":"https:\/\/hurt.tkn-connect.pl\/en\/wp-json\/wp\/v2\/types\/product"}],"replies":[{"embeddable":true,"href":"https:\/\/hurt.tkn-connect.pl\/en\/wp-json\/wp\/v2\/comments?post=120385"}],"version-history":[{"count":1,"href":"https:\/\/hurt.tkn-connect.pl\/en\/wp-json\/wp\/v2\/product\/120385\/revisions"}],"predecessor-version":[{"id":120386,"href":"https:\/\/hurt.tkn-connect.pl\/en\/wp-json\/wp\/v2\/product\/120385\/revisions\/120386"}],"wp:featuredmedia":[{"embeddable":true,"href":"https:\/\/hurt.tkn-connect.pl\/en\/wp-json\/wp\/v2\/media\/64807"}],"wp:attachment":[{"href":"https:\/\/hurt.tkn-connect.pl\/en\/wp-json\/wp\/v2\/media?parent=120385"}],"wp:term":[{"taxonomy":"product_brand","embeddable":true,"href":"https:\/\/hurt.tkn-connect.pl\/en\/wp-json\/wp\/v2\/product_brand?post=120385"},{"taxonomy":"product_cat","embeddable":true,"href":"https:\/\/hurt.tkn-connect.pl\/en\/wp-json\/wp\/v2\/product_cat?post=120385"},{"taxonomy":"product_tag","embeddable":true,"href":"https:\/\/hurt.tkn-connect.pl\/en\/wp-json\/wp\/v2\/product_tag?post=120385"}],"curies":[{"name":"wp","href":"https:\/\/api.w.org\/{rel}","templated":true}]}}