


{"id":120315,"date":"2025-10-09T19:43:49","date_gmt":"2025-10-09T17:43:49","guid":{"rendered":"https:\/\/hurt.tkn-connect.pl\/product\/pasek-silikonowy-s07-mietowy-18-mm\/"},"modified":"2025-10-09T19:44:16","modified_gmt":"2025-10-09T17:44:16","slug":"pasek-silikonowy-s07-mietowy-18-mm","status":"publish","type":"product","link":"https:\/\/hurt.tkn-connect.pl\/en\/product\/pasek-silikonowy-s07-mietowy-18-mm\/","title":{"rendered":"Pasek silikonowy S07 &#8211; mi\u0119towy &#8211; 18 mm"},"content":{"rendered":"<p>Pasek silikonowy S07 &#8211; mi\u0119towy &#8211; 18 mm<\/p>\n<p>Wysokiej jako\u015bci, hipoalergiczny pasek&nbsp; \u015bwietnie pasuje do r&oacute;\u017cnych styl&oacute;w.<\/p>\n<p>Silikon nie powoduje dyskomfortu nawet przy d\u0142ugotrwa\u0142ym noszeniu, jest przyjemny w dotyku, odporny na \u015bcieranie i nie traci pierwotnego wygl\u0105du.<\/p>\n<p>Do paska w zestawie do\u0142\u0105czone s\u0105&nbsp;dwa teleskopy.<\/p>\n<p>Oferowane przez nas paski s\u0105 uniwersalne i b\u0119d\u0105 pasowa\u0107 zar&oacute;wno do zegark&oacute;w klasycznych, sportowych jak i do smartwatch-y, niezale\u017cnie od ich producenta.<\/p>\n<p>Specyfikacja:<\/p>\n<p>Materia\u0142 paska: silikon<br \/>\nMateria\u0142 sprz\u0105czki: stal nierdzewna<br \/>\nKolor: mi\u0119towy<br \/>\nSzeroko\u015b\u0107 paska: 18 mm<\/p>\n<p>Pomimo naszych stara\u0144, odcienie kolor&oacute;w widoczne na Pa\u0144stwa ekranie mog\u0105 nieznacznie r&oacute;\u017cni\u0107 si\u0119 od rzeczywistych.<\/p>\n","protected":false},"excerpt":{"rendered":"<p>Pasek silikonowy S07 &#8211; mi\u0119towy &#8211; 18 mm Wysokiej jako\u015bci, hipoalergiczny pasek&nbsp; \u015bwietnie pasuje do r&oacute;\u017cnych styl&oacute;w. Silikon nie powoduje dyskomfortu nawet przy d\u0142ugotrwa\u0142ym noszeniu, jest przyjemny w dotyku, odporny na \u015bcieranie i nie traci pierwotnego wygl\u0105du. Do paska w zestawie do\u0142\u0105czone s\u0105&nbsp;dwa teleskopy. Oferowane przez nas paski s\u0105 uniwersalne i b\u0119d\u0105 pasowa\u0107 zar&oacute;wno do &hellip; <br \/><a href=\"https:\/\/hurt.tkn-connect.pl\/en\/product\/pasek-silikonowy-s07-mietowy-18-mm\/\" class=\"more-link\">Continue reading <span class=\"screen-reader-text\">Pasek silikonowy S07 &#8211; mi\u0119towy &#8211; 18 mm<\/span><\/a><\/p>\n","protected":false},"featured_media":64046,"comment_status":"closed","ping_status":"open","template":"","meta":[],"product_brand":[],"product_cat":[4774,4726,4775,4859],"product_tag":[],"class_list":{"0":"post-120315","1":"product","2":"type-product","3":"status-publish","4":"has-post-thumbnail","6":"product_cat-silicone-straps","7":"product_cat-accessories-for-watches","8":"product_cat-paski-s-silicone-straps","9":"product_cat-s07-paski-s-silicone-straps","11":"first","12":"outofstock","13":"taxable","14":"shipping-taxable","15":"purchasable","16":"product-type-simple","17":"add-to-wishlist-before_image"},"_links":{"self":[{"href":"https:\/\/hurt.tkn-connect.pl\/en\/wp-json\/wp\/v2\/product\/120315","targetHints":{"allow":["GET"]}}],"collection":[{"href":"https:\/\/hurt.tkn-connect.pl\/en\/wp-json\/wp\/v2\/product"}],"about":[{"href":"https:\/\/hurt.tkn-connect.pl\/en\/wp-json\/wp\/v2\/types\/product"}],"replies":[{"embeddable":true,"href":"https:\/\/hurt.tkn-connect.pl\/en\/wp-json\/wp\/v2\/comments?post=120315"}],"version-history":[{"count":1,"href":"https:\/\/hurt.tkn-connect.pl\/en\/wp-json\/wp\/v2\/product\/120315\/revisions"}],"predecessor-version":[{"id":120316,"href":"https:\/\/hurt.tkn-connect.pl\/en\/wp-json\/wp\/v2\/product\/120315\/revisions\/120316"}],"wp:featuredmedia":[{"embeddable":true,"href":"https:\/\/hurt.tkn-connect.pl\/en\/wp-json\/wp\/v2\/media\/64046"}],"wp:attachment":[{"href":"https:\/\/hurt.tkn-connect.pl\/en\/wp-json\/wp\/v2\/media?parent=120315"}],"wp:term":[{"taxonomy":"product_brand","embeddable":true,"href":"https:\/\/hurt.tkn-connect.pl\/en\/wp-json\/wp\/v2\/product_brand?post=120315"},{"taxonomy":"product_cat","embeddable":true,"href":"https:\/\/hurt.tkn-connect.pl\/en\/wp-json\/wp\/v2\/product_cat?post=120315"},{"taxonomy":"product_tag","embeddable":true,"href":"https:\/\/hurt.tkn-connect.pl\/en\/wp-json\/wp\/v2\/product_tag?post=120315"}],"curies":[{"name":"wp","href":"https:\/\/api.w.org\/{rel}","templated":true}]}}